{"id":8,"date":"2024-09-04T22:24:41","date_gmt":"2024-09-04T20:24:41","guid":{"rendered":"https:\/\/dianeakriche.fr\/?page_id=8"},"modified":"2025-01-05T19:05:52","modified_gmt":"2025-01-05T18:05:52","slug":"diane-akriche-herboriste","status":"publish","type":"page","link":"https:\/\/dianeakriche.fr\/","title":{"rendered":"Diane Akriche"},"content":{"rendered":"\n<div class=\"wp-block-group alignfull has-global-padding is-layout-constrained wp-container-core-group-is-layout-d89aad35 wp-block-group-is-layout-constrained\" style=\"margin-top:0;margin-bottom:0;padding-top:var(--wp--preset--spacing--50);padding-right:var(--wp--preset--spacing--50);padding-bottom:var(--wp--preset--spacing--50);padding-left:var(--wp--preset--spacing--50)\">\n<div class=\"wp-block-group alignwide has-base-2-background-color has-background has-global-padding is-layout-constrained wp-container-core-group-is-layout-39412042 wp-block-group-is-layout-constrained\" style=\"border-radius:16px;padding-top:var(--wp--preset--spacing--40);padding-right:var(--wp--preset--spacing--50);padding-bottom:var(--wp--preset--spacing--40);padding-left:var(--wp--preset--spacing--50)\">\n<div style=\"height:var(--wp--preset--spacing--10)\" aria-hidden=\"true\" class=\"wp-block-spacer\"><\/div>\n\n\n\n<h2 class=\"wp-block-heading has-text-align-center has-x-large-font-size\">L\u2019art de connaitre les plantes m\u00e9dicinales : entre savoirs traditionnels et besoins actuels<\/h2>\n\n\n\n<p class=\"has-text-align-center\">Explorez un savoir-faire unique du milieu de l&rsquo;herboristerie, au service de vos besoins, \u00e0 travers des formations et des ateliers personnalis\u00e9s.<\/p>\n\n\n\n<div class=\"wp-block-buttons is-content-justification-center is-layout-flex wp-container-core-buttons-is-layout-a89b3969 wp-block-buttons-is-layout-flex\">\n<div class=\"wp-block-button is-style-fill\"><a class=\"wp-block-button__link wp-element-button\" href=\"mailto:akrichediane@gmail.com\">Contactez moi<\/a><\/div>\n<\/div>\n\n\n\n<div style=\"height:var(--wp--preset--spacing--10)\" aria-hidden=\"true\" class=\"wp-block-spacer\"><\/div>\n<\/div>\n<\/div>\n\n\n\n<div class=\"wp-block-group alignfull has-base-2-background-color has-background has-global-padding is-layout-constrained wp-container-core-group-is-layout-669513ed wp-block-group-is-layout-constrained\" style=\"margin-top:0;margin-bottom:0;padding-top:var(--wp--preset--spacing--50);padding-right:var(--wp--preset--spacing--50);padding-bottom:var(--wp--preset--spacing--50);padding-left:var(--wp--preset--spacing--50)\">\n<div class=\"wp-block-group is-vertical is-content-justification-center is-layout-flex wp-container-core-group-is-layout-52b864f0 wp-block-group-is-layout-flex\">\n<h2 class=\"wp-block-heading has-text-align-center is-style-asterisk\">Accompagnement en herboristerie<\/h2>\n\n\n\n<div style=\"height:0px\" aria-hidden=\"true\" class=\"wp-block-spacer wp-container-content-4f2ccadb\"><\/div>\n\n\n\n<p class=\"has-text-align-center\">Active dans l&rsquo;univers de l&rsquo;herboristerie depuis 2018, je partage mon expertise sur les plantes m\u00e9dicinales \u00e0 travers des ateliers et des formations. Souhaitant d\u00e9fendre une utilisation des plantes m\u00e9dicinales responsable et faite de bon sens, mes ateliers \u00e9voluent constamment afin de vous proposer une approche alliant savoir traditionnel et besoins actuels. <\/p>\n<\/div>\n\n\n\n<div style=\"margin-top:0;margin-bottom:0;height:var(--wp--preset--spacing--40)\" aria-hidden=\"true\" class=\"wp-block-spacer\"><\/div>\n\n\n\n<div class=\"wp-block-columns alignwide is-layout-flex wp-container-core-columns-is-layout-d0bbbce0 wp-block-columns-is-layout-flex\">\n<div class=\"wp-block-column is-layout-flow wp-container-core-column-is-layout-e3d1c41b wp-block-column-is-layout-flow\">\n<h3 class=\"wp-block-heading has-text-align-left is-style-asterisk has-body-font-family has-medium-font-size\" style=\"font-style:normal;font-weight:600\">Approche personnalis\u00e9e<\/h3>\n\n\n\n<p class=\"has-text-align-left\">Chaque prestation est adapt\u00e9e \u00e0 vos besoins sp\u00e9cifiques, qu&rsquo;il s&rsquo;agisse d&rsquo;ateliers ou de conseils individualis\u00e9s.<\/p>\n<\/div>\n\n\n\n<div class=\"wp-block-column is-layout-flow wp-container-core-column-is-layout-e3d1c41b wp-block-column-is-layout-flow\">\n<h3 class=\"wp-block-heading has-text-align-left is-style-asterisk has-body-font-family has-medium-font-size\" style=\"font-style:normal;font-weight:600\">Exp\u00e9rience concr\u00e8te et reconnue<\/h3>\n\n\n\n<p class=\"has-text-align-left\">Plus de 7 ans d&rsquo;exp\u00e9rience dans le secteur de l&rsquo;herboristerie, avec des pratiques ancr\u00e9es dans la r\u00e9alit\u00e9 quotidienne.<\/p>\n<\/div>\n\n\n\n<div class=\"wp-block-column is-layout-flow wp-container-core-column-is-layout-e3d1c41b wp-block-column-is-layout-flow\">\n<h3 class=\"wp-block-heading has-text-align-left is-style-asterisk has-body-font-family has-medium-font-size\" style=\"font-style:normal;font-weight:600\">Simplicit\u00e9 et accessibilit\u00e9<\/h3>\n\n\n\n<p class=\"has-text-align-left\">Des solutions claires, pratiques et faciles \u00e0 int\u00e9grer dans votre vie de tous les jours.<\/p>\n<\/div>\n<\/div>\n\n\n\n<div style=\"height:var(--wp--preset--spacing--20)\" aria-hidden=\"true\" class=\"wp-block-spacer\"><\/div>\n\n\n\n<div class=\"wp-block-columns alignwide is-layout-flex wp-container-core-columns-is-layout-d0bbbce0 wp-block-columns-is-layout-flex\">\n<div class=\"wp-block-column is-layout-flow wp-container-core-column-is-layout-e3d1c41b wp-block-column-is-layout-flow\">\n<h3 class=\"wp-block-heading has-text-align-left is-style-asterisk has-body-font-family has-medium-font-size\" style=\"font-style:normal;font-weight:600\">Qualit\u00e9 des plantes<\/h3>\n\n\n\n<p class=\"has-text-align-left\">Utilisation de plantes m\u00e9dicinales de qualit\u00e9 en respectant l&rsquo;environnement et les producteurs. <\/p>\n<\/div>\n\n\n\n<div class=\"wp-block-column is-layout-flow wp-container-core-column-is-layout-e3d1c41b wp-block-column-is-layout-flow\">\n<h3 class=\"wp-block-heading has-text-align-left is-style-asterisk has-body-font-family has-medium-font-size\" style=\"font-style:normal;font-weight:600\">Innovation constante<\/h3>\n\n\n\n<p class=\"has-text-align-left\">Alliant tradition et modernit\u00e9, mes ateliers \u00e9voluent constamment pour rester \u00e0 la pointe des \u00e9volutions en herboristerie.<\/p>\n<\/div>\n\n\n\n<div class=\"wp-block-column is-layout-flow wp-container-core-column-is-layout-e3d1c41b wp-block-column-is-layout-flow\">\n<h3 class=\"wp-block-heading has-text-align-left is-style-asterisk has-body-font-family has-medium-font-size\" style=\"font-style:normal;font-weight:600\">Ateliers immersifs<\/h3>\n\n\n\n<p class=\"has-text-align-left\">Des sessions pratiques et interactives qui vous plongent directement dans l&rsquo;univers des plantes, pour une exp\u00e9rience concr\u00e8te et enrichissante.<\/p>\n<\/div>\n<\/div>\n<\/div>\n\n\n\n<div class=\"wp-block-group alignfull has-global-padding is-layout-constrained wp-container-core-group-is-layout-d89aad35 wp-block-group-is-layout-constrained\" style=\"margin-top:0;margin-bottom:0;padding-top:var(--wp--preset--spacing--50);padding-right:var(--wp--preset--spacing--50);padding-bottom:var(--wp--preset--spacing--50);padding-left:var(--wp--preset--spacing--50)\">\n<div class=\"wp-block-columns alignwide are-vertically-aligned-center is-layout-flex wp-container-core-columns-is-layout-47c06fe3 wp-block-columns-is-layout-flex\">\n<div class=\"wp-block-column is-vertically-aligned-center is-layout-flow wp-block-column-is-layout-flow\" style=\"flex-basis:50%\">\n<h2 class=\"wp-block-heading\">Diane Akriche<\/h2>\n\n\n\n<p>Consultante qualifi\u00e9e, pr\u00eate \u00e0 vous aider \u00e0 faire des plantes un atout pour vous. Que vous ayez besoin de former vos \u00e9quipes, de cr\u00e9er des produits innovants ou d\u2019organiser des ateliers, je vous apporte une expertise \u00e9prouv\u00e9e.<\/p>\n\n\n\n<ul style=\"line-height:1.75\" class=\"wp-block-list is-style-checkmark-list\">\n<li>Conseill\u00e8re Sp\u00e9cialis\u00e9e en Herboristerie et Produits de Sant\u00e9 \u00e0 base de Plantes, dipl\u00f4m\u00e9e par la fac de Pharmacie Paris Saclay<\/li>\n\n\n\n<li>Dipl\u00f4me universitaire d&rsquo;ethnobotanique appliqu\u00e9e<\/li>\n\n\n\n<li>Responsable Plante \u00e0 l&rsquo;Herboristerie du Palais Royal, Paris 1<\/li>\n<\/ul>\n\n\n\n<div class=\"wp-block-buttons is-layout-flex wp-block-buttons-is-layout-flex\">\n<div class=\"wp-block-button is-style-fill\"><a class=\"wp-block-button__link wp-element-button\" href=\"mailto:akrichediane@gmail.com\">Contactez moi<\/a><\/div>\n<\/div>\n<\/div>\n\n\n\n<div class=\"wp-block-column is-vertically-aligned-center is-layout-flow wp-block-column-is-layout-flow\" style=\"flex-basis:50%\">\n<figure class=\"wp-block-image size-full is-style-rounded wp-duotone-duotone-2 is-style-rounded--1\"><img loading=\"lazy\" decoding=\"async\" width=\"1106\" height=\"1061\" src=\"https:\/\/dianeakriche.fr\/wp-content\/uploads\/2024\/12\/PhotoProDA-2-2.jpg\" alt=\"\" class=\"wp-image-48\" style=\"aspect-ratio:4\/3;object-fit:cover\" srcset=\"https:\/\/dianeakriche.fr\/wp-content\/uploads\/2024\/12\/PhotoProDA-2-2.jpg 1106w, https:\/\/dianeakriche.fr\/wp-content\/uploads\/2024\/12\/PhotoProDA-2-2-300x288.jpg 300w, https:\/\/dianeakriche.fr\/wp-content\/uploads\/2024\/12\/PhotoProDA-2-2-1024x982.jpg 1024w, https:\/\/dianeakriche.fr\/wp-content\/uploads\/2024\/12\/PhotoProDA-2-2-768x737.jpg 768w\" sizes=\"auto, (max-width: 1106px) 100vw, 1106px\" \/><\/figure>\n<\/div>\n<\/div>\n<\/div>\n\n\n\n<div class=\"wp-block-group alignfull has-global-padding is-layout-constrained wp-container-core-group-is-layout-d89aad35 wp-block-group-is-layout-constrained\" style=\"margin-top:0;margin-bottom:0;padding-top:var(--wp--preset--spacing--50);padding-right:var(--wp--preset--spacing--50);padding-bottom:var(--wp--preset--spacing--50);padding-left:var(--wp--preset--spacing--50)\">\n<div class=\"wp-block-group alignwide has-global-padding is-layout-constrained wp-container-core-group-is-layout-19e250f3 wp-block-group-is-layout-constrained\">\n<div class=\"wp-block-group is-vertical is-content-justification-center is-layout-flex wp-container-core-group-is-layout-6329a8f3 wp-block-group-is-layout-flex\">\n<h2 class=\"wp-block-heading has-text-align-center is-style-asterisk\">Les Ateliers<\/h2>\n\n\n\n<p class=\"has-text-align-center\">Les ateliers que je propose sont con\u00e7us pour \u00eatre \u00e0 la fois p\u00e9dagogiques et inspirants des r\u00e9flexions, permettant \u00e0 chacun de d\u00e9couvrir les propri\u00e9t\u00e9s des plantes m\u00e9dicinales, leurs diff\u00e9rents bienfaits ainsi que leurs usages.<\/p>\n<\/div>\n\n\n\n<div style=\"height:var(--wp--preset--spacing--40)\" aria-hidden=\"true\" class=\"wp-block-spacer\"><\/div>\n\n\n\n<div class=\"wp-block-columns alignwide is-layout-flex wp-container-core-columns-is-layout-d1c656ed wp-block-columns-is-layout-flex\">\n<div class=\"wp-block-column is-vertically-aligned-center is-layout-flow wp-block-column-is-layout-flow\" style=\"flex-basis:40%\">\n<h3 class=\"wp-block-heading is-style-asterisk\">Ateliers pour des particuliers<\/h3>\n\n\n\n<ul style=\"line-height:1.75\" class=\"wp-block-list is-style-checkmark-list\">\n<li><strong>Cr\u00e9ation de tisanes personnalis\u00e9es :<\/strong> Un atelier o\u00f9 vous apprendrez \u00e0 combiner les diff\u00e9rentes plantes pour cr\u00e9er vos propres m\u00e9langes de tisanes, adapt\u00e9es \u00e0 vos go\u00fbts et besoins personnels.<\/li>\n\n\n\n<li><strong>D\u00e9couverte des plantes m\u00e9dicinales :<\/strong> Un voyage sensoriel \u00e0 travers les plantes, o\u00f9 vous d\u00e9couvrirez leurs aspects, leurs gouts, leurs odeurs mais aussi leurs histoires et places dans notre soci\u00e9t\u00e9. <\/li>\n<\/ul>\n<\/div>\n\n\n\n<div class=\"wp-block-column is-layout-flow wp-block-column-is-layout-flow\" style=\"flex-basis:50%\">\n<figure class=\"wp-block-image size-full is-style-rounded wp-duotone-unset-3 is-style-rounded--2\"><img loading=\"lazy\" decoding=\"async\" width=\"2560\" height=\"1707\" src=\"https:\/\/dianeakriche.fr\/wp-content\/uploads\/2024\/11\/tempImageTvXGzV-scaled.jpg\" alt=\"\" class=\"wp-image-42\" srcset=\"https:\/\/dianeakriche.fr\/wp-content\/uploads\/2024\/11\/tempImageTvXGzV-scaled.jpg 2560w, https:\/\/dianeakriche.fr\/wp-content\/uploads\/2024\/11\/tempImageTvXGzV-300x200.jpg 300w, https:\/\/dianeakriche.fr\/wp-content\/uploads\/2024\/11\/tempImageTvXGzV-1024x683.jpg 1024w, https:\/\/dianeakriche.fr\/wp-content\/uploads\/2024\/11\/tempImageTvXGzV-768x512.jpg 768w, https:\/\/dianeakriche.fr\/wp-content\/uploads\/2024\/11\/tempImageTvXGzV-1536x1024.jpg 1536w, https:\/\/dianeakriche.fr\/wp-content\/uploads\/2024\/11\/tempImageTvXGzV-2048x1365.jpg 2048w\" sizes=\"auto, (max-width: 2560px) 100vw, 2560px\" \/><\/figure>\n<\/div>\n<\/div>\n\n\n\n<div style=\"height:var(--wp--preset--spacing--40)\" aria-hidden=\"true\" class=\"wp-block-spacer\"><\/div>\n\n\n\n<div class=\"wp-block-columns alignwide is-layout-flex wp-container-core-columns-is-layout-d1c656ed wp-block-columns-is-layout-flex\">\n<div class=\"wp-block-column is-layout-flow wp-block-column-is-layout-flow\" style=\"flex-basis:50%\">\n<figure class=\"wp-block-image size-full is-style-rounded wp-duotone-unset-5 is-style-rounded--4\"><img loading=\"lazy\" decoding=\"async\" width=\"2560\" height=\"1707\" src=\"https:\/\/dianeakriche.fr\/wp-content\/uploads\/2024\/12\/Bleuet-scaled.jpg\" alt=\"\" class=\"wp-image-54\" srcset=\"https:\/\/dianeakriche.fr\/wp-content\/uploads\/2024\/12\/Bleuet-scaled.jpg 2560w, https:\/\/dianeakriche.fr\/wp-content\/uploads\/2024\/12\/Bleuet-300x200.jpg 300w, https:\/\/dianeakriche.fr\/wp-content\/uploads\/2024\/12\/Bleuet-1024x683.jpg 1024w, https:\/\/dianeakriche.fr\/wp-content\/uploads\/2024\/12\/Bleuet-768x512.jpg 768w, https:\/\/dianeakriche.fr\/wp-content\/uploads\/2024\/12\/Bleuet-1536x1024.jpg 1536w, https:\/\/dianeakriche.fr\/wp-content\/uploads\/2024\/12\/Bleuet-2048x1365.jpg 2048w\" sizes=\"auto, (max-width: 2560px) 100vw, 2560px\" \/><\/figure>\n<\/div>\n\n\n\n<div class=\"wp-block-column is-vertically-aligned-center is-layout-flow wp-block-column-is-layout-flow\" style=\"flex-basis:40%\">\n<h3 class=\"wp-block-heading is-style-asterisk\">Ateliers pour des entreprises et\/ou associations <\/h3>\n\n\n\n<ul style=\"line-height:1.75\" class=\"wp-block-list is-style-checkmark-list\">\n<li><strong>Formation sur les plantes m\u00e9dicinales :<\/strong> Un atelier complet qui introduit les bases des plantes m\u00e9dicinales, leurs usages, et comment les utiliser en toute s\u00e9curit\u00e9.<\/li>\n\n\n\n<li><strong>Innovation produit :<\/strong> Comment cr\u00e9er de nouveaux m\u00e9langes et formulations en utilisant des plantes sp\u00e9cifiques pour r\u00e9pondre aux besoins de vos clients.<\/li>\n\n\n\n<li><strong>Application pratique :<\/strong> Des sessions pratiques o\u00f9 vos \u00e9quipes peuvent identifier des plantes et cr\u00e9er une tisane selon les crit\u00e8res \u00e0 respect\u00e9s. <\/li>\n<\/ul>\n<\/div>\n<\/div>\n<\/div>\n<\/div>\n","protected":false},"excerpt":{"rendered":"<p>L\u2019art de connaitre les plantes m\u00e9dicinales : entre savoirs traditionnels et besoins actuels Explorez un savoir-faire unique du milieu de l&rsquo;herboristerie, au service de vos besoins, \u00e0 travers des formations et des ateliers personnalis\u00e9s. Accompagnement en herboristerie Active dans l&rsquo;univers de l&rsquo;herboristerie depuis 2018, je partage mon expertise sur les plantes m\u00e9dicinales \u00e0 travers des [&hellip;]<\/p>\n","protected":false},"author":1,"featured_media":53,"parent":0,"menu_order":0,"comment_status":"closed","ping_status":"closed","template":"","meta":{"footnotes":""},"class_list":["post-8","page","type-page","status-publish","has-post-thumbnail","hentry"],"_links":{"self":[{"href":"https:\/\/dianeakriche.fr\/index.php\/wp-json\/wp\/v2\/pages\/8","targetHints":{"allow":["GET"]}}],"collection":[{"href":"https:\/\/dianeakriche.fr\/index.php\/wp-json\/wp\/v2\/pages"}],"about":[{"href":"https:\/\/dianeakriche.fr\/index.php\/wp-json\/wp\/v2\/types\/page"}],"author":[{"embeddable":true,"href":"https:\/\/dianeakriche.fr\/index.php\/wp-json\/wp\/v2\/users\/1"}],"replies":[{"embeddable":true,"href":"https:\/\/dianeakriche.fr\/index.php\/wp-json\/wp\/v2\/comments?post=8"}],"version-history":[{"count":20,"href":"https:\/\/dianeakriche.fr\/index.php\/wp-json\/wp\/v2\/pages\/8\/revisions"}],"predecessor-version":[{"id":75,"href":"https:\/\/dianeakriche.fr\/index.php\/wp-json\/wp\/v2\/pages\/8\/revisions\/75"}],"wp:featuredmedia":[{"embeddable":true,"href":"https:\/\/dianeakriche.fr\/index.php\/wp-json\/wp\/v2\/media\/53"}],"wp:attachment":[{"href":"https:\/\/dianeakriche.fr\/index.php\/wp-json\/wp\/v2\/media?parent=8"}],"curies":[{"name":"wp","href":"https:\/\/api.w.org\/{rel}","templated":true}]}}